{"id":91,"date":"2026-05-16T07:39:28","date_gmt":"2026-05-16T07:39:28","guid":{"rendered":"https:\/\/nenmo.tokyo\/?post_type=product&#038;p=91"},"modified":"2026-05-16T07:39:55","modified_gmt":"2026-05-16T07:39:55","slug":"combo-cham-thu-em","status":"publish","type":"product","link":"https:\/\/nenmo.tokyo\/?product=combo-cham-thu-em","title":{"rendered":"Combo Ch\u1ea1m Thu \u00cam"},"content":{"rendered":"<div class=\"\" data-turn-id-container=\"ffe8290c-2141-4bc2-901b-648435f822f3\" data-is-intersecting=\"true\">\n<div class=\"relative w-full overflow-visible\">\n<section class=\"text-token-text-primary w-full focus:outline-none has-data-writing-block:pointer-events-none [&amp;:has([data-writing-block])&gt;*]:pointer-events-auto R6Vx5W_threadScrollVars scroll-mb-[calc(var(--scroll-root-safe-area-inset-bottom,0px)+var(--thread-response-height))] scroll-mt-(--header-height)\" dir=\"auto\" data-turn-id=\"ffe8290c-2141-4bc2-901b-648435f822f3\" data-turn-id-container=\"ffe8290c-2141-4bc2-901b-648435f822f3\" data-testid=\"conversation-turn-39\" data-scroll-anchor=\"false\" data-turn=\"user\"><\/section>\n<div class=\"contents\"><\/div>\n<\/div>\n<\/div>\n<div class=\"\" data-turn-id-container=\"request-WEB:5f489c88-99d2-4200-a627-9ed4eaa39bbe-20\" data-is-intersecting=\"true\">\n<div class=\"relative w-full overflow-visible\">\n<section class=\"text-token-text-primary w-full focus:outline-none has-data-writing-block:pointer-events-none [&amp;:has([data-writing-block])&gt;*]:pointer-events-auto R6Vx5W_threadScrollVars scroll-mb-[calc(var(--scroll-root-safe-area-inset-bottom,0px)+var(--thread-response-height))] scroll-mt-[calc(var(--header-height)+min(200px,max(70px,20svh)))]\" dir=\"auto\" data-turn-id=\"request-WEB:5f489c88-99d2-4200-a627-9ed4eaa39bbe-20\" data-turn-id-container=\"request-WEB:5f489c88-99d2-4200-a627-9ed4eaa39bbe-20\" data-testid=\"conversation-turn-40\" data-scroll-anchor=\"false\" data-turn=\"assistant\">\n<div class=\"text-base my-auto mx-auto pb-10 [--thread-content-margin:var(--thread-content-margin-xs,calc(var(--spacing)*4))] @w-sm\/main:[--thread-content-margin:var(--thread-content-margin-sm,calc(var(--spacing)*6))] @w-lg\/main:[--thread-content-margin:var(--thread-content-margin-lg,calc(var(--spacing)*16))] px-(--thread-content-margin)\">\n<div class=\"[--thread-content-max-width:40rem] @w-lg\/main:[--thread-content-max-width:48rem] mx-auto max-w-(--thread-content-max-width) flex-1 group\/turn-messages focus-visible:outline-hidden relative flex w-full min-w-0 flex-col agent-turn\">\n<div class=\"flex max-w-full flex-col gap-4 grow\">\n<div class=\"min-h-8 text-message relative flex w-full flex-col items-end gap-2 text-start break-words whitespace-normal outline-none keyboard-focused:focus-ring [.text-message+&amp;]:mt-1\" dir=\"auto\" tabindex=\"0\" data-message-author-role=\"assistant\" data-message-id=\"0ca97ca9-4fb3-4d00-bb81-e789253f8dfd\" data-message-model-slug=\"gpt-5-5\" data-turn-start-message=\"true\">\n<div class=\"flex w-full flex-col gap-1 empty:hidden\">\n<div class=\"markdown prose dark:prose-invert wrap-break-word w-full light markdown-new-styling\">\n<p data-start=\"0\" data-end=\"309\"><strong data-start=\"0\" data-end=\"23\">Set qu\u00e0 t\u1eb7ng N\u1ebfn M\u01a1<\/strong> l\u00e0 s\u1ef1 k\u1ebft h\u1ee3p ho\u00e0n h\u1ea3o gi\u1eefa <strong data-start=\"52\" data-end=\"115\">n\u1ebfn th\u01a1m handmade, b\u00f3 hoa kh\u00f4 tinh t\u1ebf v\u00e0 h\u1ed9p qu\u00e0 sang tr\u1ecdng<\/strong>, mang \u0111\u1ebfn m\u00f3n qu\u00e0 \u0111\u1ea7y \u00fd ngh\u0129a d\u00e0nh cho nh\u1eefng kho\u1ea3nh kh\u1eafc \u0111\u1eb7c bi\u1ec7t. V\u1edbi gam m\u00e0u kem trang nh\u00e3 c\u00f9ng thi\u1ebft k\u1ebf t\u1ed1i gi\u1ea3n nh\u01b0ng thanh l\u1ecbch, s\u1ea3n ph\u1ea9m to\u00e1t l\u00ean v\u1ebb \u0111\u1eb9p nh\u1eb9 nh\u00e0ng, \u1ea5m \u00e1p v\u00e0 \u0111\u1ea7y tinh t\u1ebf.<\/p>\n<p data-start=\"311\" data-end=\"592\">N\u1ebfn \u0111\u01b0\u1ee3c l\u00e0m t\u1eeb <strong data-start=\"327\" data-end=\"351\">s\u00e1p t\u1ef1 nhi\u00ean cao c\u1ea5p<\/strong>, ch\u00e1y s\u1ea1ch, \u00edt kh\u00f3i v\u00e0 lan t\u1ecfa h\u01b0\u01a1ng th\u01a1m d\u1ecbu nh\u1eb9, gi\u00fap th\u01b0 gi\u00e3n tinh th\u1ea7n, xua tan c\u0103ng th\u1eb3ng v\u00e0 t\u1ea1o n\u00ean kh\u00f4ng gian b\u00ecnh y\u00ean. \u0110i k\u00e8m l\u00e0 b\u00f3 hoa kh\u00f4 \u0111\u01b0\u1ee3c g\u00f3i gh\u00e9m c\u1ea9n th\u1eadn, t\u01b0\u1ee3ng tr\u01b0ng cho s\u1ef1 b\u1ec1n l\u00e2u v\u00e0 l\u1eddi ch\u00fac t\u1ed1t \u0111\u1eb9p g\u1eedi \u0111\u1ebfn ng\u01b0\u1eddi nh\u1eadn.<\/p>\n<p data-start=\"594\" data-end=\"837\" data-is-last-node=\"\" data-is-only-node=\"\">\u0110\u00e2y kh\u00f4ng ch\u1ec9 l\u00e0 m\u1ed9t m\u00f3n qu\u00e0 t\u1eb7ng, m\u00e0 c\u00f2n l\u00e0 c\u00e1ch \u0111\u1ec3 b\u1ea1n <strong data-start=\"651\" data-end=\"715\">trao g\u1eedi y\u00eau th\u01b0\u01a1ng, s\u1ef1 quan t\u00e2m v\u00e0 nh\u1eefng c\u1ea3m x\u00fac ch\u00e2n th\u00e0nh<\/strong> trong c\u00e1c d\u1ecbp nh\u01b0 sinh nh\u1eadt, k\u1ef7 ni\u1ec7m, l\u1ec5 tri \u00e2n hay \u0111\u01a1n gi\u1ea3n l\u00e0 m\u1ed9t l\u1eddi nh\u1eafn nh\u1ee7 d\u1ecbu d\u00e0ng \u0111\u1ebfn ng\u01b0\u1eddi m\u00ecnh th\u01b0\u01a1ng<\/p>\n<\/div>\n<\/div>\n<\/div>\n<\/div>\n<\/div>\n<\/div>\n<\/section>\n<\/div>\n<\/div>\n","protected":false},"excerpt":{"rendered":"<p><span style=\"font-weight: 400;\">Set qu\u00e0 n\u1ebfn th\u01a1m mang h\u01b0\u01a1ng hoa nh\u00e0i v\u00e0 vanilla d\u1ecbu ng\u1ecdt, t\u1ea1o c\u1ea3m gi\u00e1c \u1ea5m c\u00fang v\u00e0 d\u1ec5 ch\u1ecbu. Phong c\u00e1ch t\u1ed1i gi\u1ea3n sang tr\u1ecdng, th\u00edch h\u1ee3p cho nh\u1eefng ai y\u00eau th\u00edch s\u1ef1 nh\u1eb9 nh\u00e0ng v\u00e0 th\u01b0 gi\u00e3n.\u00a0<\/span><\/p>\n","protected":false},"featured_media":92,"comment_status":"open","ping_status":"closed","template":"","meta":[],"product_brand":[],"product_cat":[16],"product_tag":[],"class_list":{"0":"post-91","1":"product","2":"type-product","3":"status-publish","4":"has-post-thumbnail","6":"product_cat-chua-phan-loai","8":"first","9":"instock","10":"shipping-taxable","11":"purchasable","12":"product-type-simple"},"_links":{"self":[{"href":"https:\/\/nenmo.tokyo\/index.php?rest_route=\/wp\/v2\/product\/91","targetHints":{"allow":["GET"]}}],"collection":[{"href":"https:\/\/nenmo.tokyo\/index.php?rest_route=\/wp\/v2\/product"}],"about":[{"href":"https:\/\/nenmo.tokyo\/index.php?rest_route=\/wp\/v2\/types\/product"}],"replies":[{"embeddable":true,"href":"https:\/\/nenmo.tokyo\/index.php?rest_route=%2Fwp%2Fv2%2Fcomments&post=91"}],"wp:featuredmedia":[{"embeddable":true,"href":"https:\/\/nenmo.tokyo\/index.php?rest_route=\/wp\/v2\/media\/92"}],"wp:attachment":[{"href":"https:\/\/nenmo.tokyo\/index.php?rest_route=%2Fwp%2Fv2%2Fmedia&parent=91"}],"wp:term":[{"taxonomy":"product_brand","embeddable":true,"href":"https:\/\/nenmo.tokyo\/index.php?rest_route=%2Fwp%2Fv2%2Fproduct_brand&post=91"},{"taxonomy":"product_cat","embeddable":true,"href":"https:\/\/nenmo.tokyo\/index.php?rest_route=%2Fwp%2Fv2%2Fproduct_cat&post=91"},{"taxonomy":"product_tag","embeddable":true,"href":"https:\/\/nenmo.tokyo\/index.php?rest_route=%2Fwp%2Fv2%2Fproduct_tag&post=91"}],"curies":[{"name":"wp","href":"https:\/\/api.w.org\/{rel}","templated":true}]}}