{"id":89,"date":"2026-05-16T07:35:43","date_gmt":"2026-05-16T07:35:43","guid":{"rendered":"https:\/\/nenmo.tokyo\/?post_type=product&#038;p=89"},"modified":"2026-05-16T07:35:43","modified_gmt":"2026-05-16T07:35:43","slug":"combo-set-mui-huong","status":"publish","type":"product","link":"https:\/\/nenmo.tokyo\/?product=combo-set-mui-huong","title":{"rendered":"combo set m\u00f9i h\u01b0\u01a1ng"},"content":{"rendered":"<p data-start=\"0\" data-end=\"338\"><strong data-start=\"0\" data-end=\"60\">Combo Set M\u00f9i Nh\u1edb \u2013 M\u1ed9t ch\u00fat \u1ea5m \u00e1p \u0111\u1ebfn ng\u01b0\u1eddi m\u00ecnh th\u01b0\u01a1ng<\/strong> l\u00e0 b\u1ed9 kit l\u00e0m n\u1ebfn th\u01a1m handmade \u0111\u1ea7y tinh t\u1ebf, gi\u00fap b\u1ea1n t\u1ef1 tay t\u1ea1o n\u00ean nh\u1eefng chi\u1ebfc n\u1ebfn mang d\u1ea5u \u1ea5n ri\u00eang v\u00e0 g\u1eedi g\u1eafm y\u00eau th\u01b0\u01a1ng qua t\u1eebng chi ti\u1ebft nh\u1ecf. V\u1edbi thi\u1ebft k\u1ebf sang tr\u1ecdng, nh\u1eb9 nh\u00e0ng c\u00f9ng \u0111\u1ea7y \u0111\u1ee7 nguy\u00ean li\u1ec7u cao c\u1ea5p, s\u1ea3n ph\u1ea9m mang \u0111\u1ebfn tr\u1ea3i nghi\u1ec7m s\u00e1ng t\u1ea1o th\u00fa v\u1ecb ngay t\u1ea1i nh\u00e0.<\/p>\n<p data-start=\"340\" data-end=\"672\">Set bao g\u1ed3m <strong data-start=\"352\" data-end=\"481\">2 c\u1ed1c xi m\u0103ng decor, s\u00e1p \u0111\u1eadu n\u00e0nh 200g, tinh d\u1ea7u th\u01a1m 10ml, tim n\u1ebfn v\u00e0 \u0111\u1ebf kim lo\u1ea1i, b\u1ea5c n\u1ebfn trang tr\u00ed c\u00f9ng h\u01b0\u1edbng d\u1eabn chi ti\u1ebft<\/strong>, gi\u00fap b\u1ea1n d\u1ec5 d\u00e0ng ho\u00e0n thi\u1ec7n m\u1ed9t m\u00f3n qu\u00e0 handmade \u00fd ngh\u0129a d\u00f9 l\u00e0 ng\u01b0\u1eddi m\u1edbi b\u1eaft \u0111\u1ea7u. H\u01b0\u01a1ng th\u01a1m d\u1ecbu nh\u1eb9 lan t\u1ecfa k\u1ebft h\u1ee3p \u00e1nh n\u1ebfn \u1ea5m \u00e1p s\u1ebd t\u1ea1o n\u00ean kh\u00f4ng gian th\u01b0 gi\u00e3n, b\u00ecnh y\u00ean v\u00e0 \u0111\u1ea7y c\u1ea3m x\u00fac.<\/p>\n<p data-start=\"674\" data-end=\"868\" data-is-last-node=\"\" data-is-only-node=\"\">Kh\u00f4ng ch\u1ec9 l\u00e0 m\u1ed9t b\u1ed9 kit l\u00e0m n\u1ebfn, <strong data-start=\"707\" data-end=\"728\">Combo Set M\u00f9i Nh\u1edb<\/strong> c\u00f2n l\u00e0 c\u00e1ch \u0111\u1ec3 b\u1ea1n trao g\u1eedi s\u1ef1 quan t\u00e2m, l\u01b0u gi\u1eef k\u1ef7 ni\u1ec7m v\u00e0 mang \u0111\u1ebfn nh\u1eefng ph\u00fat gi\u00e2y \u1ea5m \u00e1p cho ch\u00ednh m\u00ecnh ho\u1eb7c nh\u1eefng ng\u01b0\u1eddi th\u00e2n y\u00eau.<\/p>\n","protected":false},"excerpt":{"rendered":"<p><span style=\"font-weight: 400;\">Combo n\u1ebfn th\u01a1m v\u1edbi m\u00f9i lavender k\u1ebft h\u1ee3p hoa tr\u1eafng thanh nh\u1eb9, gi\u00fap gi\u1ea3m c\u0103ng th\u1eb3ng v\u00e0 t\u1ea1o kh\u00f4ng gian th\u01b0 gi\u00e3n. Thi\u1ebft k\u1ebf vintage tinh t\u1ebf, ph\u00f9 h\u1ee3p l\u00e0m qu\u00e0 t\u1eb7ng ho\u1eb7c decor ph\u00f2ng ng\u1ee7.<\/span><\/p>\n","protected":false},"featured_media":90,"comment_status":"open","ping_status":"closed","template":"","meta":[],"product_brand":[],"product_cat":[16],"product_tag":[],"class_list":{"0":"post-89","1":"product","2":"type-product","3":"status-publish","4":"has-post-thumbnail","6":"product_cat-chua-phan-loai","8":"first","9":"instock","10":"shipping-taxable","11":"purchasable","12":"product-type-simple"},"_links":{"self":[{"href":"https:\/\/nenmo.tokyo\/index.php?rest_route=\/wp\/v2\/product\/89","targetHints":{"allow":["GET"]}}],"collection":[{"href":"https:\/\/nenmo.tokyo\/index.php?rest_route=\/wp\/v2\/product"}],"about":[{"href":"https:\/\/nenmo.tokyo\/index.php?rest_route=\/wp\/v2\/types\/product"}],"replies":[{"embeddable":true,"href":"https:\/\/nenmo.tokyo\/index.php?rest_route=%2Fwp%2Fv2%2Fcomments&post=89"}],"wp:featuredmedia":[{"embeddable":true,"href":"https:\/\/nenmo.tokyo\/index.php?rest_route=\/wp\/v2\/media\/90"}],"wp:attachment":[{"href":"https:\/\/nenmo.tokyo\/index.php?rest_route=%2Fwp%2Fv2%2Fmedia&parent=89"}],"wp:term":[{"taxonomy":"product_brand","embeddable":true,"href":"https:\/\/nenmo.tokyo\/index.php?rest_route=%2Fwp%2Fv2%2Fproduct_brand&post=89"},{"taxonomy":"product_cat","embeddable":true,"href":"https:\/\/nenmo.tokyo\/index.php?rest_route=%2Fwp%2Fv2%2Fproduct_cat&post=89"},{"taxonomy":"product_tag","embeddable":true,"href":"https:\/\/nenmo.tokyo\/index.php?rest_route=%2Fwp%2Fv2%2Fproduct_tag&post=89"}],"curies":[{"name":"wp","href":"https:\/\/api.w.org\/{rel}","templated":true}]}}