{"id":86,"date":"2026-05-16T07:30:45","date_gmt":"2026-05-16T07:30:45","guid":{"rendered":"https:\/\/nenmo.tokyo\/?post_type=product&#038;p=86"},"modified":"2026-05-16T07:40:50","modified_gmt":"2026-05-16T07:40:50","slug":"combo-khoang-troi-nho","status":"publish","type":"product","link":"https:\/\/nenmo.tokyo\/?product=combo-khoang-troi-nho","title":{"rendered":"combo Kho\u1ea3ng Tr\u1eddi Nh\u1ecf"},"content":{"rendered":"<div class=\"\" data-turn-id-container=\"49eec246-bace-43ee-b79e-2fc0db665475\" data-is-intersecting=\"true\">\n<div class=\"relative w-full overflow-visible\">\n<section class=\"text-token-text-primary w-full focus:outline-none has-data-writing-block:pointer-events-none [&amp;:has([data-writing-block])&gt;*]:pointer-events-auto R6Vx5W_threadScrollVars scroll-mb-[calc(var(--scroll-root-safe-area-inset-bottom,0px)+var(--thread-response-height))] scroll-mt-(--header-height)\" dir=\"auto\" data-turn-id=\"49eec246-bace-43ee-b79e-2fc0db665475\" data-turn-id-container=\"49eec246-bace-43ee-b79e-2fc0db665475\" data-testid=\"conversation-turn-31\" data-scroll-anchor=\"false\" data-turn=\"user\"><\/section>\n<div class=\"contents\"><\/div>\n<\/div>\n<\/div>\n<div class=\"\" data-turn-id-container=\"request-WEB:5f489c88-99d2-4200-a627-9ed4eaa39bbe-16\" data-is-intersecting=\"true\">\n<div class=\"relative w-full overflow-visible\">\n<section class=\"text-token-text-primary w-full focus:outline-none has-data-writing-block:pointer-events-none [&amp;:has([data-writing-block])&gt;*]:pointer-events-auto R6Vx5W_threadScrollVars scroll-mb-[calc(var(--scroll-root-safe-area-inset-bottom,0px)+var(--thread-response-height))] scroll-mt-[calc(var(--header-height)+min(200px,max(70px,20svh)))]\" dir=\"auto\" data-turn-id=\"request-WEB:5f489c88-99d2-4200-a627-9ed4eaa39bbe-16\" data-turn-id-container=\"request-WEB:5f489c88-99d2-4200-a627-9ed4eaa39bbe-16\" data-testid=\"conversation-turn-32\" data-scroll-anchor=\"false\" data-turn=\"assistant\">\n<div class=\"text-base my-auto mx-auto pb-10 [--thread-content-margin:var(--thread-content-margin-xs,calc(var(--spacing)*4))] @w-sm\/main:[--thread-content-margin:var(--thread-content-margin-sm,calc(var(--spacing)*6))] @w-lg\/main:[--thread-content-margin:var(--thread-content-margin-lg,calc(var(--spacing)*16))] px-(--thread-content-margin)\">\n<div class=\"[--thread-content-max-width:40rem] @w-lg\/main:[--thread-content-max-width:48rem] mx-auto max-w-(--thread-content-max-width) flex-1 group\/turn-messages focus-visible:outline-hidden relative flex w-full min-w-0 flex-col agent-turn\">\n<div class=\"flex max-w-full flex-col gap-4 grow\">\n<div class=\"min-h-8 text-message relative flex w-full flex-col items-end gap-2 text-start break-words whitespace-normal outline-none keyboard-focused:focus-ring [.text-message+&amp;]:mt-1\" dir=\"auto\" tabindex=\"0\" data-message-author-role=\"assistant\" data-message-id=\"50d96885-0c09-436a-9db5-10188a765afa\" data-message-model-slug=\"gpt-5-5\" data-turn-start-message=\"true\">\n<div class=\"flex w-full flex-col gap-1 empty:hidden\">\n<div class=\"markdown prose dark:prose-invert wrap-break-word w-full light markdown-new-styling\">\n<p data-start=\"0\" data-end=\"307\"><strong data-start=\"0\" data-end=\"32\">Set qu\u00e0 t\u1eb7ng n\u1ebfn th\u01a1m N\u1ebfn M\u01a1<\/strong> l\u00e0 m\u00f3n qu\u00e0 tinh t\u1ebf, mang \u0111\u1ebfn s\u1ef1 \u1ea5m \u00e1p v\u00e0 nh\u1eefng kho\u1ea3nh kh\u1eafc th\u01b0 gi\u00e3n \u0111\u1ea7y \u00fd ngh\u0129a. S\u1ef1 k\u1ebft h\u1ee3p h\u00e0i h\u00f2a gi\u1eefa <strong data-start=\"138\" data-end=\"203\">n\u1ebfn th\u01a1m handmade, g\u1ea5u b\u00f4ng m\u1ec1m m\u1ea1i v\u00e0 b\u00f3 hoa xanh thanh l\u1ecbch<\/strong> t\u1ea1o n\u00ean m\u1ed9t set qu\u00e0 sang tr\u1ecdng, nh\u1eb9 nh\u00e0ng nh\u01b0ng v\u1eabn \u0111\u1ee7 \u0111\u1eb7c bi\u1ec7t \u0111\u1ec3 g\u1eedi g\u1eafm y\u00eau th\u01b0\u01a1ng \u0111\u1ebfn ng\u01b0\u1eddi nh\u1eadn.<\/p>\n<p data-start=\"309\" data-end=\"731\">N\u1ebfn \u0111\u01b0\u1ee3c l\u00e0m t\u1eeb <strong data-start=\"325\" data-end=\"349\">s\u00e1p t\u1ef1 nhi\u00ean cao c\u1ea5p<\/strong>, ch\u00e1y s\u1ea1ch, \u00edt kh\u00f3i v\u00e0 lan t\u1ecfa h\u01b0\u01a1ng th\u01a1m d\u1ecbu nh\u1eb9, gi\u00fap th\u01b0 gi\u00e3n tinh th\u1ea7n, gi\u1ea3m c\u0103ng th\u1eb3ng v\u00e0 t\u1ea1o n\u00ean kh\u00f4ng gian b\u00ecnh y\u00ean, d\u1ec5 ch\u1ecbu. Thi\u1ebft k\u1ebf h\u1ed9p qu\u00e0 t\u00f4ng xanh pastel trang nh\u00e3 c\u00f9ng t\u1eebng chi ti\u1ebft \u0111\u01b0\u1ee3c ch\u0103m ch\u00fat t\u1ec9 m\u1ec9 khi\u1ebfn s\u1ea3n ph\u1ea9m tr\u1edf th\u00e0nh l\u1ef1a ch\u1ecdn ho\u00e0n h\u1ea3o cho nh\u1eefng d\u1ecbp \u0111\u1eb7c bi\u1ec7t nh\u01b0 <strong data-start=\"637\" data-end=\"728\">sinh nh\u1eadt, k\u1ef7 ni\u1ec7m, l\u1ec5 t\u1ed1t nghi\u1ec7p ho\u1eb7c \u0111\u01a1n gi\u1ea3n l\u00e0 m\u00f3n qu\u00e0 thay l\u1eddi quan t\u00e2m ch\u00e2n th\u00e0nh<\/strong>.<\/p>\n<p data-start=\"733\" data-end=\"875\" data-is-last-node=\"\" data-is-only-node=\"\">Kh\u00f4ng ch\u1ec9 l\u00e0 m\u1ed9t m\u00f3n qu\u00e0, \u0111\u00e2y c\u00f2n l\u00e0 c\u00e1ch \u0111\u1ec3 g\u1eedi trao s\u1ef1 \u1ea5m \u00e1p, y\u00eau th\u01b0\u01a1ng v\u00e0 nh\u1eefng \u0111i\u1ec1u d\u1ecbu d\u00e0ng nh\u1ea5t \u0111\u1ebfn nh\u1eefng ng\u01b0\u1eddi b\u1ea1n tr\u00e2n qu\u00fd.<\/p>\n<\/div>\n<\/div>\n<\/div>\n<\/div>\n<\/div>\n<\/div>\n<\/section>\n<\/div>\n<\/div>\n","protected":false},"excerpt":{"rendered":"<p><span style=\"font-weight: 400;\">Set n\u1ebfn th\u01a1m mang h\u01b0\u01a1ng cotton v\u00e0 baby powder d\u1ecbu nh\u1eb9, t\u1ea1o c\u1ea3m gi\u00e1c s\u1ea1ch s\u1ebd, \u1ea5m \u00e1p v\u00e0 b\u00ecnh y\u00ean. Tone xanh pastel nh\u1eb9 nh\u00e0ng th\u00edch h\u1ee3p l\u00e0m qu\u00e0 t\u1eb7ng tinh t\u1ebf cho b\u1ea1n b\u00e8 ho\u1eb7c ng\u01b0\u1eddi th\u00e2n.<\/span><\/p>\n","protected":false},"featured_media":87,"comment_status":"open","ping_status":"closed","template":"","meta":[],"product_brand":[],"product_cat":[16],"product_tag":[],"class_list":{"0":"post-86","1":"product","2":"type-product","3":"status-publish","4":"has-post-thumbnail","6":"product_cat-chua-phan-loai","8":"first","9":"instock","10":"shipping-taxable","11":"purchasable","12":"product-type-simple"},"_links":{"self":[{"href":"https:\/\/nenmo.tokyo\/index.php?rest_route=\/wp\/v2\/product\/86","targetHints":{"allow":["GET"]}}],"collection":[{"href":"https:\/\/nenmo.tokyo\/index.php?rest_route=\/wp\/v2\/product"}],"about":[{"href":"https:\/\/nenmo.tokyo\/index.php?rest_route=\/wp\/v2\/types\/product"}],"replies":[{"embeddable":true,"href":"https:\/\/nenmo.tokyo\/index.php?rest_route=%2Fwp%2Fv2%2Fcomments&post=86"}],"wp:featuredmedia":[{"embeddable":true,"href":"https:\/\/nenmo.tokyo\/index.php?rest_route=\/wp\/v2\/media\/87"}],"wp:attachment":[{"href":"https:\/\/nenmo.tokyo\/index.php?rest_route=%2Fwp%2Fv2%2Fmedia&parent=86"}],"wp:term":[{"taxonomy":"product_brand","embeddable":true,"href":"https:\/\/nenmo.tokyo\/index.php?rest_route=%2Fwp%2Fv2%2Fproduct_brand&post=86"},{"taxonomy":"product_cat","embeddable":true,"href":"https:\/\/nenmo.tokyo\/index.php?rest_route=%2Fwp%2Fv2%2Fproduct_cat&post=86"},{"taxonomy":"product_tag","embeddable":true,"href":"https:\/\/nenmo.tokyo\/index.php?rest_route=%2Fwp%2Fv2%2Fproduct_tag&post=86"}],"curies":[{"name":"wp","href":"https:\/\/api.w.org\/{rel}","templated":true}]}}