{"id":80,"date":"2026-05-16T07:07:29","date_gmt":"2026-05-16T07:07:29","guid":{"rendered":"https:\/\/nenmo.tokyo\/?post_type=product&#038;p=80"},"modified":"2026-05-16T07:16:37","modified_gmt":"2026-05-16T07:16:37","slug":"nen-vo-tim","status":"publish","type":"product","link":"https:\/\/nenmo.tokyo\/?product=nen-vo-tim","title":{"rendered":"N\u1ebfn S\u00f2 M\u1ed9ng"},"content":{"rendered":"<p data-start=\"0\" data-end=\"352\"><strong data-start=\"0\" data-end=\"33\">N\u1ebfn th\u01a1m v\u1ecf s\u00f2 Pearl Lavender<\/strong> l\u00e0 s\u1ef1 h\u00f2a quy\u1ec7n ho\u00e0n h\u1ea3o gi\u1eefa v\u1ebb \u0111\u1eb9p tinh t\u1ebf c\u1ee7a \u0111\u1ea1i d\u01b0\u01a1ng v\u00e0 h\u01b0\u01a1ng th\u01a1m d\u1ecbu nh\u1eb9 \u0111\u1ea7y th\u01b0 gi\u00e3n. V\u1edbi thi\u1ebft k\u1ebf th\u1ee7 c\u00f4ng \u0111\u1ed9c \u0111\u00e1o l\u1ea5y c\u1ea3m h\u1ee9ng t\u1eeb v\u1ecf s\u00f2 bi\u1ec3n, k\u1ebft h\u1ee3p s\u1eafc t\u00edm pastel ng\u1ecdt ng\u00e0o c\u00f9ng nh\u1eefng chi ti\u1ebft trang tr\u00ed l\u1ea5p l\u00e1nh nh\u01b0 ng\u1ecdc trai, s\u1ea3n ph\u1ea9m mang \u0111\u1ebfn c\u1ea3m gi\u00e1c sang tr\u1ecdng v\u00e0 cu\u1ed1n h\u00fat ngay t\u1eeb \u00e1nh nh\u00ecn \u0111\u1ea7u ti\u00ean.<\/p>\n<p data-start=\"354\" data-end=\"718\">\u0110\u01b0\u1ee3c l\u00e0m t\u1eeb <strong data-start=\"366\" data-end=\"390\">s\u00e1p t\u1ef1 nhi\u00ean an to\u00e0n<\/strong>, n\u1ebfn ch\u00e1y \u0111\u1ec1u, \u00edt kh\u00f3i v\u00e0 lan t\u1ecfa h\u01b0\u01a1ng th\u01a1m nh\u1eb9 nh\u00e0ng, gi\u00fap xua tan c\u0103ng th\u1eb3ng, t\u1ea1o n\u00ean kh\u00f4ng gian th\u01b0 th\u00e1i v\u00e0 d\u1ec5 ch\u1ecbu. Kh\u00f4ng ch\u1ec9 l\u00e0 m\u1ed9t chi\u1ebfc n\u1ebfn th\u01a1m, \u0111\u00e2y c\u00f2n l\u00e0 m\u00f3n \u0111\u1ed3 decor tinh t\u1ebf, ph\u00f9 h\u1ee3p \u0111\u1ec3 trang tr\u00ed b\u00e0n l\u00e0m vi\u1ec7c, ph\u00f2ng ng\u1ee7, g\u00f3c h\u1ecdc t\u1eadp ho\u1eb7c l\u00e0m qu\u00e0 t\u1eb7ng \u00fd ngh\u0129a d\u00e0nh cho nh\u1eefng ng\u01b0\u1eddi y\u00eau th\u00edch s\u1ef1 nh\u1eb9 nh\u00e0ng, l\u00e3ng m\u1ea1n.<\/p>\n<p data-start=\"720\" data-end=\"838\" data-is-last-node=\"\" data-is-only-node=\"\">Th\u1eafp s\u00e1ng Pearl Lavender \u0111\u1ec3 c\u1ea3m nh\u1eadn s\u1ef1 b\u00ecnh y\u00ean, nh\u01b0 m\u1ed9t l\u00e0n gi\u00f3 bi\u1ec3n m\u00e1t l\u00e0nh len l\u1ecfi trong t\u1eebng kho\u1ea3nh kh\u1eafc.<\/p>\n","protected":false},"excerpt":{"rendered":"<p><span style=\"font-weight: 400;\">&#8211;<\/span><span style=\"font-weight: 400;\"> N\u1ebfn ly v\u1ecf s\u00f2 tone t\u00edm pastel v\u1edbi h\u01b0\u01a1ng hoa d\u1ecbu nh\u1eb9, mang c\u1ea3m gi\u00e1c th\u01b0 gi\u00e3n v\u00e0 ng\u1ecdt ng\u00e0o nh\u01b0 gi\u00f3 bi\u1ec3n m\u00f9a h\u00e8<\/span><\/p>\n","protected":false},"featured_media":82,"comment_status":"open","ping_status":"closed","template":"","meta":[],"product_brand":[],"product_cat":[16],"product_tag":[],"class_list":{"0":"post-80","1":"product","2":"type-product","3":"status-publish","4":"has-post-thumbnail","6":"product_cat-chua-phan-loai","8":"first","9":"instock","10":"shipping-taxable","11":"purchasable","12":"product-type-simple"},"_links":{"self":[{"href":"https:\/\/nenmo.tokyo\/index.php?rest_route=\/wp\/v2\/product\/80","targetHints":{"allow":["GET"]}}],"collection":[{"href":"https:\/\/nenmo.tokyo\/index.php?rest_route=\/wp\/v2\/product"}],"about":[{"href":"https:\/\/nenmo.tokyo\/index.php?rest_route=\/wp\/v2\/types\/product"}],"replies":[{"embeddable":true,"href":"https:\/\/nenmo.tokyo\/index.php?rest_route=%2Fwp%2Fv2%2Fcomments&post=80"}],"wp:featuredmedia":[{"embeddable":true,"href":"https:\/\/nenmo.tokyo\/index.php?rest_route=\/wp\/v2\/media\/82"}],"wp:attachment":[{"href":"https:\/\/nenmo.tokyo\/index.php?rest_route=%2Fwp%2Fv2%2Fmedia&parent=80"}],"wp:term":[{"taxonomy":"product_brand","embeddable":true,"href":"https:\/\/nenmo.tokyo\/index.php?rest_route=%2Fwp%2Fv2%2Fproduct_brand&post=80"},{"taxonomy":"product_cat","embeddable":true,"href":"https:\/\/nenmo.tokyo\/index.php?rest_route=%2Fwp%2Fv2%2Fproduct_cat&post=80"},{"taxonomy":"product_tag","embeddable":true,"href":"https:\/\/nenmo.tokyo\/index.php?rest_route=%2Fwp%2Fv2%2Fproduct_tag&post=80"}],"curies":[{"name":"wp","href":"https:\/\/api.w.org\/{rel}","templated":true}]}}